{"id":2,"date":"2012-04-01T16:19:11","date_gmt":"2012-04-01T16:19:11","guid":{"rendered":"http:\/\/www.tobiashartlieb.de\/?page_id=2"},"modified":"2015-02-15T15:00:54","modified_gmt":"2015-02-15T15:00:54","slug":"biographie-deutsch","status":"publish","type":"page","link":"https:\/\/tobiashartlieb.de\/index.php\/biographie-deutsch\/","title":{"rendered":"Biographie (deutsch)"},"content":{"rendered":"<p style=\"text-align: left;\">Der geb\u00fcrtige N\u00fcrnberger Tobias Hartlieb studierte Klavier an der Musikhochschule Hamburg bei Volker Banfield. Mit einem Stipendium von Rotary International setzte er seine Ausbildung an der renommierten Indiana University Bloomington in den USA fort. Zu seinen Lehrern z\u00e4hlen Leonard Hokanson, Menahem Pressler und Elisabeth Wright, bei denen er Liedgestaltung, Kammermusik und Hammerklavier studierte. Tobias Hartlieb wurde mehrfach mit Preisen und Stipendien ausgezeichnet, so u.a. mit einem 1. Preis beim Bundeswettbewerb Jugend musiziert, einem 1. Preis beim Internationalen Johannes Brahms Wettbewerb, einem Stipendium der Max Kade Foundation New York.<br \/>\nAls Pianist trat er des weiteren in der Karajan-Akademie der Berliner Philharmoniker, bei den Ensemblekonzerten am Staatstheater N\u00fcrnberg (Opera Late Night), den N\u00fcrnberger und den Hamburger Symphonikern, mit dem Kammerorchester Bad Br\u00fcckenau sowie mit dem Ensemble Kontraste auf.<br \/>\nAufnahmen beim BR und NDR sowie CD-Einspielungen mit Kammermusik und Liedern geben seine k\u00fcnstlerische T\u00e4tigkeit wieder.<\/p>\n","protected":false},"excerpt":{"rendered":"<p>Der geb\u00fcrtige N\u00fcrnberger Tobias Hartlieb studierte Klavier an der Musikhochschule Hamburg bei Volker Banfield. Mit einem Stipendium von Rotary International setzte er seine Ausbildung an der renommierten Indiana University Bloomington in den USA fort. Zu seinen Lehrern z\u00e4hlen Leonard Hokanson, &hellip; <a href=\"https:\/\/tobiashartlieb.de\/index.php\/biographie-deutsch\/\">Weiterlesen <span class=\"meta-nav\">&rarr;<\/span><\/a><\/p>\n","protected":false},"author":1,"featured_media":0,"parent":0,"menu_order":1,"comment_status":"closed","ping_status":"closed","template":"","meta":{"footnotes":""},"class_list":["post-2","page","type-page","status-publish","hentry"],"_links":{"self":[{"href":"https:\/\/tobiashartlieb.de\/index.php\/wp-json\/wp\/v2\/pages\/2","targetHints":{"allow":["GET"]}}],"collection":[{"href":"https:\/\/tobiashartlieb.de\/index.php\/wp-json\/wp\/v2\/pages"}],"about":[{"href":"https:\/\/tobiashartlieb.de\/index.php\/wp-json\/wp\/v2\/types\/page"}],"author":[{"embeddable":true,"href":"https:\/\/tobiashartlieb.de\/index.php\/wp-json\/wp\/v2\/users\/1"}],"replies":[{"embeddable":true,"href":"https:\/\/tobiashartlieb.de\/index.php\/wp-json\/wp\/v2\/comments?post=2"}],"version-history":[{"count":8,"href":"https:\/\/tobiashartlieb.de\/index.php\/wp-json\/wp\/v2\/pages\/2\/revisions"}],"predecessor-version":[{"id":154,"href":"https:\/\/tobiashartlieb.de\/index.php\/wp-json\/wp\/v2\/pages\/2\/revisions\/154"}],"wp:attachment":[{"href":"https:\/\/tobiashartlieb.de\/index.php\/wp-json\/wp\/v2\/media?parent=2"}],"curies":[{"name":"wp","href":"https:\/\/api.w.org\/{rel}","templated":true}]}}